{"id":24666,"date":"2026-01-27T12:05:12","date_gmt":"2026-01-27T11:05:12","guid":{"rendered":"https:\/\/www.io-te.dk\/?post_type=product&#038;p=24666"},"modified":"2026-01-26T16:38:30","modified_gmt":"2026-01-26T15:38:30","slug":"gokase-icho-kamairicha-set-fushun-unkai-baisen","status":"publish","type":"product","link":"https:\/\/www.io-te.dk\/en\/vare\/gokase-icho-kamairicha-set-fushun-unkai-baisen\/","title":{"rendered":"Gokase Ich\u014d Kamairicha Set | Pesticide-free and artificial fertiliser-free | F\u016bshun, Unkai, Baisen"},"content":{"rendered":"<h4 style=\"text-align: left;\">Tea trees | <span lang=\"ja\">\u8336\u6a39<\/span><\/h4>\n<p><strong>Kultivar:<\/strong> Unkai, Kanayamidori, F\u016bshun<\/p>\n<p><strong>Age:<\/strong> 20-50 years<\/p>\n<p><strong>Elevation:<\/strong> 550-600 masl<\/p>\n<p><strong>Shade:<\/strong> none<\/p>\n<p><strong>Fertiliing:<\/strong> house-blend organic fertiliser based on sesame oil cake<\/p>\n<p><strong>Cultivation method:<\/strong> Pesticide-free and artificial fertiliser-free farming (JAS-certified)<\/p>\n<p><strong>Harvest:<\/strong> May 2023\/2025<\/p>\n<h4 style=\"text-align: left;\">Producer | <span lang=\"ja\">\u751f\u7523\u8005<\/span><\/h4>\n<p style=\"text-align: left;\">Y\u014dichi K\u014drogi<\/p>\n<h4 style=\"text-align: left;\">Origin | <span lang=\"ja\">\u7523\u5730<\/span><\/h4>\n<p>Gokase in Miyazaki, Japan<\/p>\n","protected":false},"excerpt":{"rendered":"<h4><span lang=\"ja\">\u4e94\u30f6\u702c\u840e\u51cb\u91dc\u7092\u308a\u8336\u30bb\u30c3\u30c8<\/span><\/h4>\n<h5>Set of three unique semi-oxidised (ich\u014d) kamairicha teas from renowned and award-winning tea farmer Y\u014dichi K\u014drogi: <span style=\"text-decoration: underline;\"><em><a href=\"https:\/\/www.io-te.dk\/en\/vare\/gokase-icho-kamairicha-fushun-2025\/\" target=\"_blank\" rel=\"noopener\">F\u016bshun<\/a>,<\/em><\/span> <em><span style=\"text-decoration: underline;\"><a href=\"https:\/\/www.io-te.dk\/en\/vare\/gokase-icho-kamairicha-unkai\/\" target=\"_blank\" rel=\"noopener\">Unkai,<\/a><\/span><\/em> and the lightly roasted 2023 vintage blend of <em><span style=\"text-decoration: underline;\"><a href=\"https:\/\/www.io-te.dk\/en\/vare\/gokase-baisen-icho-kamairicha\/\" target=\"_blank\" rel=\"noopener\">Unkai and Kanayamidori.<\/a><\/span><\/em><\/h5>\n<h5>Grown at an altitude of 550-600 metres without any use of pesticides or artificial fertilisers in Gokase, Miyazaki.<\/h5>\n<p><em>The set contains 3 x 50g.<\/em><\/p>\n","protected":false},"featured_media":24668,"comment_status":"open","ping_status":"closed","template":"","meta":[],"product_brand":[],"product_cat":[151,241,370,191,211,323],"product_tag":[150,135],"class_list":{"0":"post-24666","1":"product","2":"type-product","3":"status-publish","4":"has-post-thumbnail","6":"product_cat-kamairicha-tea","7":"product_cat-set","8":"product_cat-new-arrivals","9":"product_cat-tea","10":"product_cat-organic-farming","11":"product_cat-rupi-chaen-gokase","12":"product_tag-kamairicha-en","13":"product_tag-unika-en","15":"first","16":"instock","17":"taxable","18":"shipping-taxable","19":"purchasable","20":"product-type-simple"},"jetpack_sharing_enabled":true,"_links":{"self":[{"href":"https:\/\/www.io-te.dk\/en\/wp-json\/wp\/v2\/product\/24666","targetHints":{"allow":["GET"]}}],"collection":[{"href":"https:\/\/www.io-te.dk\/en\/wp-json\/wp\/v2\/product"}],"about":[{"href":"https:\/\/www.io-te.dk\/en\/wp-json\/wp\/v2\/types\/product"}],"replies":[{"embeddable":true,"href":"https:\/\/www.io-te.dk\/en\/wp-json\/wp\/v2\/comments?post=24666"}],"wp:featuredmedia":[{"embeddable":true,"href":"https:\/\/www.io-te.dk\/en\/wp-json\/wp\/v2\/media\/24668"}],"wp:attachment":[{"href":"https:\/\/www.io-te.dk\/en\/wp-json\/wp\/v2\/media?parent=24666"}],"wp:term":[{"taxonomy":"product_brand","embeddable":true,"href":"https:\/\/www.io-te.dk\/en\/wp-json\/wp\/v2\/product_brand?post=24666"},{"taxonomy":"product_cat","embeddable":true,"href":"https:\/\/www.io-te.dk\/en\/wp-json\/wp\/v2\/product_cat?post=24666"},{"taxonomy":"product_tag","embeddable":true,"href":"https:\/\/www.io-te.dk\/en\/wp-json\/wp\/v2\/product_tag?post=24666"}],"curies":[{"name":"wp","href":"https:\/\/api.w.org\/{rel}","templated":true}]}}