{"id":23023,"date":"2025-12-05T13:18:16","date_gmt":"2025-12-05T12:18:16","guid":{"rendered":"https:\/\/www.io-te.dk\/?post_type=product&#038;p=23023"},"modified":"2025-12-06T01:43:21","modified_gmt":"2025-12-06T00:43:21","slug":"tea-tray-kobo-eramu-round-urushi","status":"publish","type":"product","link":"https:\/\/www.io-te.dk\/en\/vare\/tea-tray-kobo-eramu-round-urushi\/","title":{"rendered":"Tea Tray | Urushi | K\u014db\u014d Eramu | Round"},"content":{"rendered":"<h4 style=\"text-align: left;\">Measures | <span lang=\"ja\">\u5bf8\u6cd5<\/span><\/h4>\n<p>Dimensions: \u00d833,5 x H2,2 cm<\/p>\n<p>Weight: 561 gram<\/p>\n<h4 style=\"text-align: left;\">Producer | <span lang=\"ja\">\u751f\u7523\u8005<\/span><\/h4>\n<p style=\"text-align: left;\">Y\u014dz\u014d Tanaka<\/p>\n<h4 style=\"text-align: left;\">Origin | <span lang=\"ja\">\u7523\u5730<\/span><\/h4>\n<p>Ono in Hy\u014dgo, Japan<\/p>\n","protected":false},"excerpt":{"rendered":"<h4><span lang=\"ja\">\u8336\u76c6\u3000\u5de5\u623f\u3048\u3089\u3080<\/span><\/h4>\n<h5>Tea tray made from Japanese chestnut, handcrafted by Y\u014dz\u014d Tanaka in his workshop, K\u014db\u014d Eramu, in Ono, Hy\u014dgo.<\/h5>\n<h5>The surface is finished with Japanese urushi lacquer, giving the tray its distinctive dark finish.<\/h5>\n<p><em>measures 33,5 cm in diameter<\/em><\/p>\n","protected":false},"featured_media":23399,"comment_status":"open","ping_status":"closed","template":"","meta":[],"product_brand":[],"product_cat":[404,370,109,399],"product_tag":[],"class_list":{"0":"post-23023","1":"product","2":"type-product","3":"status-publish","4":"has-post-thumbnail","6":"product_cat-kobo-eramu-works","7":"product_cat-new-arrivals","8":"product_cat-tea-utensils","9":"product_cat-tea-trays","11":"first","12":"instock","13":"taxable","14":"shipping-taxable","15":"purchasable","16":"product-type-simple"},"jetpack_sharing_enabled":true,"_links":{"self":[{"href":"https:\/\/www.io-te.dk\/en\/wp-json\/wp\/v2\/product\/23023","targetHints":{"allow":["GET"]}}],"collection":[{"href":"https:\/\/www.io-te.dk\/en\/wp-json\/wp\/v2\/product"}],"about":[{"href":"https:\/\/www.io-te.dk\/en\/wp-json\/wp\/v2\/types\/product"}],"replies":[{"embeddable":true,"href":"https:\/\/www.io-te.dk\/en\/wp-json\/wp\/v2\/comments?post=23023"}],"wp:featuredmedia":[{"embeddable":true,"href":"https:\/\/www.io-te.dk\/en\/wp-json\/wp\/v2\/media\/23399"}],"wp:attachment":[{"href":"https:\/\/www.io-te.dk\/en\/wp-json\/wp\/v2\/media?parent=23023"}],"wp:term":[{"taxonomy":"product_brand","embeddable":true,"href":"https:\/\/www.io-te.dk\/en\/wp-json\/wp\/v2\/product_brand?post=23023"},{"taxonomy":"product_cat","embeddable":true,"href":"https:\/\/www.io-te.dk\/en\/wp-json\/wp\/v2\/product_cat?post=23023"},{"taxonomy":"product_tag","embeddable":true,"href":"https:\/\/www.io-te.dk\/en\/wp-json\/wp\/v2\/product_tag?post=23023"}],"curies":[{"name":"wp","href":"https:\/\/api.w.org\/{rel}","templated":true}]}}