{"id":22133,"date":"2025-10-22T11:27:21","date_gmt":"2025-10-22T09:27:22","guid":{"rendered":"https:\/\/www.io-te.dk\/?post_type=product&#038;p=22133"},"modified":"2025-10-25T09:45:32","modified_gmt":"2025-10-25T07:45:32","slug":"teacup-crane-phoenix-michihiro-kumiko-domoto","status":"publish","type":"product","link":"https:\/\/www.io-te.dk\/en\/vare\/teacup-crane-phoenix-michihiro-kumiko-domoto\/","title":{"rendered":"Teacup w. crane and phoenix motif | Z\u014dgan | Michihiro &#038; Kumiko D\u014dmoto"},"content":{"rendered":"<h4>About Michihiro and Kumiko D\u014dmoto | <span lang=\"ja\">\u571f\u672c \u8a13\u5bdb \u4e45\u7f8e\u5b50\u306b\u3064\u3044\u3066<\/span><\/h4>\n<p><img decoding=\"async\" class=\"size-full wp-image-12951 aligncenter\" src=\"https:\/\/www.io-te.dk\/wp-content\/uploads\/2025\/10\/87541355-F7DA-4222-81FD-6FAA04475832_1_201_a-scaled.jpeg\" alt=\"\" width=\"auto\" height=\"500\" \/><\/p>\n<p class=\"p2\">Mr and Mrs D\u014dmoto are based in the historic pottery region of Echizen in Fukui Prefecture, where they create wood-fired ceramic works imbued with a deep sense of both place and past times.<\/p>\n<p>By blending local Echizen clays with raw clay foraged within Fukui prefecture by themselves, each piece speaks intimately of the land on which they live and work.<\/p>\n<p>Their ceramic works for tea are characterized by a unique harmony between naturally unpolished and the highly refined \u2013 and an always masterful level of functionality, as evident for instance in the smooth, drip-free pours of their teapots and gaiwans.<\/p>\n<hr \/>\n<h4 style=\"text-align: left;\">Measures | <span lang=\"ja\">\u5bf8\u6cd5<\/span><\/h4>\n<p>Capacity: 90 ml<\/p>\n<p>Dimensions: W93 x H47 mm<\/p>\n<p>Weight: 93,2 gram<\/p>\n<h4 style=\"text-align: left;\">Producer | <span lang=\"ja\">\u751f\u7523\u8005<\/span><\/h4>\n<p style=\"text-align: left;\">Michihiro and Kumiko D\u014dmoto<\/p>\n<h4 style=\"text-align: left;\">Origin | <span lang=\"ja\">\u7523\u5730<\/span><\/h4>\n<p>Echizen in Fukui, Japan<\/p>\n","protected":false},"excerpt":{"rendered":"<h4><span lang=\"ja\">\u8c61\u5d4c\u8336\u676f\u3000\u571f\u672c \u8a13\u5bdb \u4e45\u7f8e\u5b50<\/span><\/h4>\n<h5>Wood-fired glazed teacup handmade by Michihiro and Kumiko D\u014dmoto in Echizen, Fukui.<\/h5>\n<h5>With inlaid crane and phoenix motif using traditional <em>z\u014dgan<\/em> techniques.<\/h5>\n<p><em>Holds up to 90 ml.<\/em><\/p>\n","protected":false},"featured_media":22235,"comment_status":"open","ping_status":"closed","template":"","meta":[],"product_brand":[],"product_cat":[102,390,370,109,108],"product_tag":[392],"class_list":{"0":"post-22133","1":"product","2":"type-product","3":"status-publish","4":"has-post-thumbnail","6":"product_cat-ceramics","7":"product_cat-michihiro-kumiko-domoto-ceramic-works","8":"product_cat-new-arrivals","9":"product_cat-tea-utensils","10":"product_cat-teacups","11":"product_tag-domoto-en","13":"first","14":"outofstock","15":"taxable","16":"shipping-taxable","17":"purchasable","18":"product-type-simple"},"jetpack_sharing_enabled":true,"_links":{"self":[{"href":"https:\/\/www.io-te.dk\/en\/wp-json\/wp\/v2\/product\/22133","targetHints":{"allow":["GET"]}}],"collection":[{"href":"https:\/\/www.io-te.dk\/en\/wp-json\/wp\/v2\/product"}],"about":[{"href":"https:\/\/www.io-te.dk\/en\/wp-json\/wp\/v2\/types\/product"}],"replies":[{"embeddable":true,"href":"https:\/\/www.io-te.dk\/en\/wp-json\/wp\/v2\/comments?post=22133"}],"wp:featuredmedia":[{"embeddable":true,"href":"https:\/\/www.io-te.dk\/en\/wp-json\/wp\/v2\/media\/22235"}],"wp:attachment":[{"href":"https:\/\/www.io-te.dk\/en\/wp-json\/wp\/v2\/media?parent=22133"}],"wp:term":[{"taxonomy":"product_brand","embeddable":true,"href":"https:\/\/www.io-te.dk\/en\/wp-json\/wp\/v2\/product_brand?post=22133"},{"taxonomy":"product_cat","embeddable":true,"href":"https:\/\/www.io-te.dk\/en\/wp-json\/wp\/v2\/product_cat?post=22133"},{"taxonomy":"product_tag","embeddable":true,"href":"https:\/\/www.io-te.dk\/en\/wp-json\/wp\/v2\/product_tag?post=22133"}],"curies":[{"name":"wp","href":"https:\/\/api.w.org\/{rel}","templated":true}]}}