{"id":19417,"date":"2025-03-01T19:01:02","date_gmt":"2025-03-01T18:01:03","guid":{"rendered":"https:\/\/www.io-te.dk\/?post_type=product&#038;p=19417"},"modified":"2026-04-03T14:23:55","modified_gmt":"2026-04-03T12:23:55","slug":"tanka-yakishime-chawan-12-yuichi-romita","status":"publish","type":"product","link":"https:\/\/www.io-te.dk\/en\/vare\/tanka-yakishime-chawan-12-yuichi-romita\/","title":{"rendered":"Tanka Yakishime Chawan #12 | Yuichi Romita"},"content":{"rendered":"<h4>About Yuichi Romita | <span lang=\"ja\">\u30ed\u30df\u30bf\u512a\u4e00\u306b\u3064\u3044\u3066<\/span><\/h4>\n<p><img decoding=\"async\" class=\"size-full wp-image-12951 aligncenter\" src=\"https:\/\/www.io-te.dk\/wp-content\/uploads\/2023\/10\/photo_2023-10-16-23.32.30-1.jpeg\" alt=\"\" width=\"300\" height=\"auto\" srcset=\"https:\/\/www.io-te.dk\/wp-content\/uploads\/2023\/10\/photo_2023-10-16-23.32.30-1.jpeg 724w, https:\/\/www.io-te.dk\/wp-content\/uploads\/2023\/10\/photo_2023-10-16-23.32.30-1-341x512.jpeg 341w\" sizes=\"(max-width: 724px) 100vw, 724px\" \/><\/p>\n<p class=\"p2\"><i>\u201dHandmade, one by one. Slight variations in size, shape, colour, and surface are inherent to the process. I hope you will embrace these small differences as characteristics that give each piece individuality and character, making them all the more lovable.\u201d<\/i><\/p>\n<p>Yuichi Romita is a young Japanese-Italian potter traditionally trained in the Nanban Yakishime style of unglazed wood-fired pottery in Karatsu, Japan. Yuichi Romita is a young Japanese-Italian potter traditionally trained in the Nanban Yakishime style of unglazed wood-fired pottery in Karatsu, Japan. During a period of four years, Romita studied as an apprentice under Nakazato Tarouemon, the 14th generation of an unbroken line of family potters dating back to the late 14th century.<\/p>\n<p>Following his stay in Japan, Romita moved to Sk\u00e6lsk\u00f8r in the south-western part of Zealand, Denmark, where he has developed his own interpretation of Nanban Yakishime by combining his experiences from his apprenticeship in Karatsu with his position as artist-in-residence at the International Ceramic Reserach Center of Guldagergaard. Romita has since worked in his own ceramics studio in Malm\u00f6, Sweden, but resides currently in Japan again. <\/p>\n<hr>\n<h4 style=\"text-align: left;\">Producer | <span lang=\"ja\">\u751f\u7523\u8005<\/span><\/h4>\n<p style=\"text-align: left;\">Yuichi Romita<\/p>\n<h4 style=\"text-align: left;\">Origin | <span lang=\"ja\">\u7523\u5730<\/span><\/h4>\n<p>Thrown in Malm\u00f6, Sweden, and fired in Sk\u00e6lsk\u00f8r, Danmark<\/p>\n<h4 style=\"text-align: left;\">Measures | <span lang=\"ja\">\u5bf8\u6cd5<\/span><\/h4>\n<p>Dimensions: \u00d8118 x H74 mm<\/p>\n<p>Weight: 230g<\/p>\n","protected":false},"excerpt":{"rendered":"<h4><span lang=\"ja\">\u70ad\u5316\u713c\u7de0\u3081\u8336\u7897<\/span><\/h4>\n<h5>Matcha tea bowl by Yuichi Romita.<\/h5>\n<h5>Gas-fired in unglazed <em>tanka yakishime<\/em> style, where natural variations in textures and colour are the direct result of the encounter between clay and fire.<\/h5>\n<h6><em>Measures 11,8cm x 7,4cm<\/em><\/h6>\n","protected":false},"featured_media":19388,"comment_status":"open","ping_status":"closed","template":"","meta":[],"product_brand":[],"product_cat":[225,102,370,109,371],"product_tag":[166,130,267],"class_list":{"0":"post-19417","1":"product","2":"type-product","3":"status-publish","4":"has-post-thumbnail","6":"product_cat-yuichi-romita","7":"product_cat-ceramics","8":"product_cat-new-arrivals","9":"product_cat-tea-utensils","10":"product_cat-matcha-chawan-tea-bowls","11":"product_tag-keramik-en","12":"product_tag-matcha-en","13":"product_tag-yuichi-en","15":"first","16":"outofstock","17":"taxable","18":"shipping-taxable","19":"purchasable","20":"product-type-simple"},"jetpack_sharing_enabled":true,"_links":{"self":[{"href":"https:\/\/www.io-te.dk\/en\/wp-json\/wp\/v2\/product\/19417","targetHints":{"allow":["GET"]}}],"collection":[{"href":"https:\/\/www.io-te.dk\/en\/wp-json\/wp\/v2\/product"}],"about":[{"href":"https:\/\/www.io-te.dk\/en\/wp-json\/wp\/v2\/types\/product"}],"replies":[{"embeddable":true,"href":"https:\/\/www.io-te.dk\/en\/wp-json\/wp\/v2\/comments?post=19417"}],"wp:featuredmedia":[{"embeddable":true,"href":"https:\/\/www.io-te.dk\/en\/wp-json\/wp\/v2\/media\/19388"}],"wp:attachment":[{"href":"https:\/\/www.io-te.dk\/en\/wp-json\/wp\/v2\/media?parent=19417"}],"wp:term":[{"taxonomy":"product_brand","embeddable":true,"href":"https:\/\/www.io-te.dk\/en\/wp-json\/wp\/v2\/product_brand?post=19417"},{"taxonomy":"product_cat","embeddable":true,"href":"https:\/\/www.io-te.dk\/en\/wp-json\/wp\/v2\/product_cat?post=19417"},{"taxonomy":"product_tag","embeddable":true,"href":"https:\/\/www.io-te.dk\/en\/wp-json\/wp\/v2\/product_tag?post=19417"}],"curies":[{"name":"wp","href":"https:\/\/api.w.org\/{rel}","templated":true}]}}