{"id":19119,"date":"2025-02-21T22:13:21","date_gmt":"2025-02-22T09:23:37","guid":{"rendered":"https:\/\/www.io-te.dk\/vare\/chashaku-4-marina-kawata-shelter-from-the-rain\/"},"modified":"2025-03-02T22:53:58","modified_gmt":"2025-03-02T21:53:58","slug":"marina-kawata-chashaku-4","status":"publish","type":"product","link":"https:\/\/www.io-te.dk\/en\/vare\/marina-kawata-chashaku-4\/","title":{"rendered":"Chashaku #4 | Marina Kawata | Shelter from the rain"},"content":{"rendered":"<h4 style=\"text-align: left;\">About Marina Kawata | <span lang=\"ja\">\u5ddd\u7530\u307e\u308a\u306a\u306b\u3064\u3044\u3066<\/span><\/h4>\n<p>Marina Kawata is a Japanese-American artist, currently based in Sweden. Following her formal education in illustration and ceramics, including an extended ceramic apprenticeship in Karatsu, Japan, Kawata now focuses on sculptural works in locally sourced wood.<\/p>\n<h4 style=\"text-align: left;\">Measures | <span lang=\"ja\">\u5bf8\u6cd5<\/span><\/h4>\n<p>Dimensions: 185 x 10 x 6 mm<\/p>\n<p>Weight: 2,9 gram<\/p>\n<h4 style=\"text-align: left;\">Producer | <span lang=\"ja\">\u751f\u7523\u8005<\/span><\/h4>\n<p style=\"text-align: left;\">Marina Kawata<\/p>\n<h4 style=\"text-align: left;\">Origin | <span lang=\"ja\">\u7523\u5730<\/span><\/h4>\n<p>Malm\u00f6, Sweden<\/p>\n","protected":false},"excerpt":{"rendered":"<h4><span lang=\"ja\">\u8336\u6753\u3000\u96e8\u5bbf\u308a<\/span><\/h4>\n<h5>Hand-carved chashaku tea scoop for matcha by Marina Kawata.<\/h5>\n<h5>Sk\u00e5ret fra svensk valn\u00f8ddetr\u00e6 fra \u00d8land og f\u00e6rdiggjort af Marina Kawata i hendes tr\u00e6v\u00e6rksted i Malm\u00f8, Sverige.<\/h5>\n","protected":false},"featured_media":19099,"comment_status":"open","ping_status":"closed","template":"","meta":[],"product_brand":[],"product_cat":[366,104,370,109],"product_tag":[130],"class_list":{"0":"post-19119","1":"product","2":"type-product","3":"status-publish","4":"has-post-thumbnail","6":"product_cat-marina-kawata-works","7":"product_cat-matcha-equipment","8":"product_cat-new-arrivals","9":"product_cat-tea-utensils","10":"product_tag-matcha-en","12":"first","13":"outofstock","14":"taxable","15":"shipping-taxable","16":"purchasable","17":"product-type-simple"},"jetpack_sharing_enabled":true,"_links":{"self":[{"href":"https:\/\/www.io-te.dk\/en\/wp-json\/wp\/v2\/product\/19119","targetHints":{"allow":["GET"]}}],"collection":[{"href":"https:\/\/www.io-te.dk\/en\/wp-json\/wp\/v2\/product"}],"about":[{"href":"https:\/\/www.io-te.dk\/en\/wp-json\/wp\/v2\/types\/product"}],"replies":[{"embeddable":true,"href":"https:\/\/www.io-te.dk\/en\/wp-json\/wp\/v2\/comments?post=19119"}],"wp:featuredmedia":[{"embeddable":true,"href":"https:\/\/www.io-te.dk\/en\/wp-json\/wp\/v2\/media\/19099"}],"wp:attachment":[{"href":"https:\/\/www.io-te.dk\/en\/wp-json\/wp\/v2\/media?parent=19119"}],"wp:term":[{"taxonomy":"product_brand","embeddable":true,"href":"https:\/\/www.io-te.dk\/en\/wp-json\/wp\/v2\/product_brand?post=19119"},{"taxonomy":"product_cat","embeddable":true,"href":"https:\/\/www.io-te.dk\/en\/wp-json\/wp\/v2\/product_cat?post=19119"},{"taxonomy":"product_tag","embeddable":true,"href":"https:\/\/www.io-te.dk\/en\/wp-json\/wp\/v2\/product_tag?post=19119"}],"curies":[{"name":"wp","href":"https:\/\/api.w.org\/{rel}","templated":true}]}}