{"id":18988,"date":"2025-03-10T14:05:50","date_gmt":"2025-02-16T13:05:51","guid":{"rendered":"https:\/\/www.io-te.dk\/?post_type=product&#038;p=18988"},"modified":"2026-03-20T19:09:43","modified_gmt":"2026-03-20T18:09:43","slug":"gokase-baisen-icho-kamairicha","status":"publish","type":"product","link":"https:\/\/www.io-te.dk\/en\/vare\/gokase-baisen-icho-kamairicha\/","title":{"rendered":"Gokase Baisen Ich\u014d Kamairicha | Pesticide-free and artificial fertiliser-free | 2023"},"content":{"rendered":"<h4 style=\"text-align: left;\">Tea trees | <span lang=\"ja\">\u8336\u6a39<\/span><\/h4>\n<p><strong>Cultivar:<\/strong> Unkai, Kanayamidori<\/p>\n<p><strong>Age:<\/strong> 40 years<\/p>\n<p><strong>Elevation:<\/strong> 550-600 masl<\/p>\n<p><strong>Shade:<\/strong> none<\/p>\n<p><strong>Fertiliing:<\/strong> house-blend organic fertiliser based on sesame oil cake<\/p>\n<p><strong>Cultivation method:<\/strong> Pesticide-free and artificial fertiliser-free farming (JAS-certified)<\/p>\n<p><strong>Harvest:<\/strong> May 17th 2023 + May 28th 2023<\/p>\n<h4 style=\"text-align: left;\">Production method | <span lang=\"ja\">\u88fd\u8336\u65b9\u6cd5<\/span><\/h4>\n<p><strong>Roasting:<\/strong> final roasting on January 14th and 15th 2025<\/p>\n<h4 style=\"text-align: left;\">Producer | <span lang=\"ja\">\u751f\u7523\u8005<\/span><\/h4>\n<p style=\"text-align: left;\">Y\u014dichi K\u014drogi of R\u016bpi Chaen <span lang=\"ja\">\u7dd1\u78a7\u8336\u5712<\/span><\/p>\n<h4 style=\"text-align: left;\">Origin | <span lang=\"ja\">\u7523\u5730<\/span><\/h4>\n<p>Gokase in Miyazaki, Japan<\/p>\n","protected":false},"excerpt":{"rendered":"<h4><span lang=\"ja\">\u4e94\u30f6\u702c\u7119\u714e\u840e\u51cb\u91dc\u7092\u308a\u8336<\/span><\/h4>\n<h5>A rare lightly wilted <em>(ich\u014d)<\/em> kamairicha made from finely preserved 2023-vintage Unkai and Kanayamidori spring leaves, finished with a final roasting by tea farmer Y\u014dichi K\u014drogi himself in mid-January 2025.<\/h5>\n<h5>The result is a pleasantly body-warming and highly fragrant semi-oxidized tea where a broth-like base of umami is complemented by notes of fragrant wood and sweet hints of milk for which the Kanayamidori cultivar is particularly known.<\/h5>\n<h5>Grown free of any use of pesticides and artificial fertilisers at R\u016bpi Chaen in Gokase, Miyazaki.<\/h5>\n<p><em style=\"font-size: 20px;\">hinoki wood \u2013 steamed milk \u2013 kombu dashi<\/em><\/p>\n<h5>kr. 175,00<\/h5>\n","protected":false},"featured_media":19634,"comment_status":"open","ping_status":"closed","template":"","meta":[],"product_brand":[],"product_cat":[151,370,191,211,323],"product_tag":[150,135],"class_list":{"0":"post-18988","1":"product","2":"type-product","3":"status-publish","4":"has-post-thumbnail","6":"product_cat-kamairicha-tea","7":"product_cat-new-arrivals","8":"product_cat-tea","9":"product_cat-organic-farming","10":"product_cat-rupi-chaen-gokase","11":"product_tag-kamairicha-en","12":"product_tag-unika-en","14":"first","15":"instock","16":"taxable","17":"shipping-taxable","18":"purchasable","19":"product-type-variable","20":"has-default-attributes"},"jetpack_sharing_enabled":true,"_links":{"self":[{"href":"https:\/\/www.io-te.dk\/en\/wp-json\/wp\/v2\/product\/18988","targetHints":{"allow":["GET"]}}],"collection":[{"href":"https:\/\/www.io-te.dk\/en\/wp-json\/wp\/v2\/product"}],"about":[{"href":"https:\/\/www.io-te.dk\/en\/wp-json\/wp\/v2\/types\/product"}],"replies":[{"embeddable":true,"href":"https:\/\/www.io-te.dk\/en\/wp-json\/wp\/v2\/comments?post=18988"}],"wp:featuredmedia":[{"embeddable":true,"href":"https:\/\/www.io-te.dk\/en\/wp-json\/wp\/v2\/media\/19634"}],"wp:attachment":[{"href":"https:\/\/www.io-te.dk\/en\/wp-json\/wp\/v2\/media?parent=18988"}],"wp:term":[{"taxonomy":"product_brand","embeddable":true,"href":"https:\/\/www.io-te.dk\/en\/wp-json\/wp\/v2\/product_brand?post=18988"},{"taxonomy":"product_cat","embeddable":true,"href":"https:\/\/www.io-te.dk\/en\/wp-json\/wp\/v2\/product_cat?post=18988"},{"taxonomy":"product_tag","embeddable":true,"href":"https:\/\/www.io-te.dk\/en\/wp-json\/wp\/v2\/product_tag?post=18988"}],"curies":[{"name":"wp","href":"https:\/\/api.w.org\/{rel}","templated":true}]}}