{"id":17506,"date":"2024-08-02T22:40:01","date_gmt":"2024-08-03T20:37:54","guid":{"rendered":"https:\/\/www.io-te.dk\/?post_type=product&#038;p=17506"},"modified":"2024-08-12T11:03:57","modified_gmt":"2024-08-12T09:03:57","slug":"hojicha-ice-cream-and-yamazoe-harubancha-io-x-rowak","status":"publish","type":"product","link":"https:\/\/www.io-te.dk\/en\/vare\/hojicha-ice-cream-and-yamazoe-harubancha-io-x-rowak\/","title":{"rendered":"H\u014djicha ice cream and Yamazoe Harubancha | io x Rowak"},"content":{"rendered":"","protected":false},"excerpt":{"rendered":"<h4><span lang=\"ja\">\u307b\u3046\u3058\u8336\u30a2\u30a4\u30b9\u30af\u30ea\u30fc\u30e0<\/span><span lang=\"ja\">\u5c71\u6dfb\u6625\u756a\u8336\u306e\u4f1a<\/span><\/h4>\n<h5>Oplev en unik h\u014djicha-is baseret p\u00e5 vores naturligt dyrkede Kamo H\u014djicha serveret med tang-&#8216;pocky&#8217; og sesam-dulse pralin\u00e9.<\/h5>\n<h5>The dessert is presented by dessert chef Abhishek Ghosh and his partner, Laura, who together have founded the Copenhagen-based dessert studio Rowak.<\/h5>\n<h5>It is paired with warm servings of naturally farmed spring bancha from Yamazoe, Nara, served by io.<\/h5>\n<p><em>Please note that the dessert and tea service lasts one hour and takes place within the selected time slot. We therefore kindly ask all participants to show up no later than the start time of the event.<\/em><\/p>\n<p><em>After purchase, an order confirmation will be sent via email, which serves as the ticket for the selected event. Please note that tickets are non-refundable.<\/em><\/p>\n<h5>kr. 175,00<\/h5>\n","protected":false},"featured_media":17481,"comment_status":"open","ping_status":"closed","template":"","meta":[],"product_brand":[],"product_cat":[264],"product_tag":[],"class_list":{"0":"post-17506","1":"product","2":"type-product","3":"status-publish","4":"has-post-thumbnail","6":"product_cat-events","8":"first","9":"outofstock","10":"taxable","11":"shipping-taxable","12":"product-type-variable","13":"has-default-attributes"},"jetpack_sharing_enabled":true,"_links":{"self":[{"href":"https:\/\/www.io-te.dk\/en\/wp-json\/wp\/v2\/product\/17506","targetHints":{"allow":["GET"]}}],"collection":[{"href":"https:\/\/www.io-te.dk\/en\/wp-json\/wp\/v2\/product"}],"about":[{"href":"https:\/\/www.io-te.dk\/en\/wp-json\/wp\/v2\/types\/product"}],"replies":[{"embeddable":true,"href":"https:\/\/www.io-te.dk\/en\/wp-json\/wp\/v2\/comments?post=17506"}],"wp:featuredmedia":[{"embeddable":true,"href":"https:\/\/www.io-te.dk\/en\/wp-json\/wp\/v2\/media\/17481"}],"wp:attachment":[{"href":"https:\/\/www.io-te.dk\/en\/wp-json\/wp\/v2\/media?parent=17506"}],"wp:term":[{"taxonomy":"product_brand","embeddable":true,"href":"https:\/\/www.io-te.dk\/en\/wp-json\/wp\/v2\/product_brand?post=17506"},{"taxonomy":"product_cat","embeddable":true,"href":"https:\/\/www.io-te.dk\/en\/wp-json\/wp\/v2\/product_cat?post=17506"},{"taxonomy":"product_tag","embeddable":true,"href":"https:\/\/www.io-te.dk\/en\/wp-json\/wp\/v2\/product_tag?post=17506"}],"curies":[{"name":"wp","href":"https:\/\/api.w.org\/{rel}","templated":true}]}}