{"id":16134,"date":"2024-02-08T14:14:32","date_gmt":"2024-02-08T13:14:34","guid":{"rendered":"https:\/\/www.io-te.dk\/?post_type=product&#038;p=16134"},"modified":"2024-03-19T05:54:51","modified_gmt":"2024-03-19T04:54:51","slug":"gokase-dento-kamairicha","status":"publish","type":"product","link":"https:\/\/www.io-te.dk\/en\/vare\/gokase-dento-kamairicha\/","title":{"rendered":"Gokase Dent\u014d Kamairicha | Pesticide and artificial fertiliser free | 2023"},"content":{"rendered":"<h4 style=\"text-align: left;\">Tea trees | <span lang=\"ja\">\u8336\u6a39<\/span><\/h4>\n<p><strong>Cultivar:<\/strong> Yabukita<\/p>\n<p><strong>Age:<\/strong> 40 years<\/p>\n<p><strong>Elevation:<\/strong> 600 masl<\/p>\n<p><strong>Shade:<\/strong> none<\/p>\n<p><strong>Fertiliing:<\/strong> house-blend organic fertiliser based on sesame oil cake<\/p>\n<p><strong>Cultivation method: <\/strong>no pesticides, no artificial fertiliser (JAS certified)<\/p>\n<p><strong>Harvest:<\/strong> May 8th 2023<\/p>\n<h4 style=\"text-align: left;\">Producer | <span lang=\"ja\">\u751f\u7523\u8005<\/span><\/h4>\n<p style=\"text-align: left;\">Y\u014dichi K\u014drogi of R\u016bpi Chaen <span lang=\"ja\">\u7dd1\u78a7\u8336\u5712<\/span><\/p>\n<h4 style=\"text-align: left;\">Origin | <span lang=\"ja\">\u7523\u5730<\/span><\/h4>\n<p>Gokase in Miyazaki, Japan<\/p>\n","protected":false},"excerpt":{"rendered":"<h4><span lang=\"ja\">\u4e94\u30f6\u702c \u4f1d\u7d71\u91dc\u7092\u308a\u8336<\/span><\/h4>\n<h5>Green kamairicha in traditional <em>(dent\u014d)<\/em> Ky\u016bsh\u016b-style harvested in early spring from fourty years old Yabukita tea trees growing at high altitude in the mountain village of Gokase, Miyazaki.<\/h5>\n<h5>Clean spring-like notes of vegetal sweetness blend with deep sensations of umami and a characteristic feeling of <em>kama<\/em> warmth in this highest grade pan-fired green tea from the skillful hands of Y\u014dichi K\u014drogi at R\u016bpi Chaen.<\/h5>\n<p><em>artichoke \u2013 hazelnut milk \u2013 grilled white fish<\/em><\/p>\n<h5>kr. 125,00<\/h5>\n","protected":false},"featured_media":16363,"comment_status":"open","ping_status":"closed","template":"","meta":[],"product_brand":[],"product_cat":[151,191,211,323],"product_tag":[150,129],"class_list":{"0":"post-16134","1":"product","2":"type-product","3":"status-publish","4":"has-post-thumbnail","6":"product_cat-kamairicha-tea","7":"product_cat-tea","8":"product_cat-organic-farming","9":"product_cat-rupi-chaen-gokase","10":"product_tag-kamairicha-en","11":"product_tag-sencha-en","13":"first","14":"outofstock","15":"taxable","16":"shipping-taxable","17":"product-type-variable","18":"has-default-attributes"},"jetpack_sharing_enabled":true,"_links":{"self":[{"href":"https:\/\/www.io-te.dk\/en\/wp-json\/wp\/v2\/product\/16134","targetHints":{"allow":["GET"]}}],"collection":[{"href":"https:\/\/www.io-te.dk\/en\/wp-json\/wp\/v2\/product"}],"about":[{"href":"https:\/\/www.io-te.dk\/en\/wp-json\/wp\/v2\/types\/product"}],"replies":[{"embeddable":true,"href":"https:\/\/www.io-te.dk\/en\/wp-json\/wp\/v2\/comments?post=16134"}],"wp:featuredmedia":[{"embeddable":true,"href":"https:\/\/www.io-te.dk\/en\/wp-json\/wp\/v2\/media\/16363"}],"wp:attachment":[{"href":"https:\/\/www.io-te.dk\/en\/wp-json\/wp\/v2\/media?parent=16134"}],"wp:term":[{"taxonomy":"product_brand","embeddable":true,"href":"https:\/\/www.io-te.dk\/en\/wp-json\/wp\/v2\/product_brand?post=16134"},{"taxonomy":"product_cat","embeddable":true,"href":"https:\/\/www.io-te.dk\/en\/wp-json\/wp\/v2\/product_cat?post=16134"},{"taxonomy":"product_tag","embeddable":true,"href":"https:\/\/www.io-te.dk\/en\/wp-json\/wp\/v2\/product_tag?post=16134"}],"curies":[{"name":"wp","href":"https:\/\/api.w.org\/{rel}","templated":true}]}}