{"id":14118,"date":"2023-04-19T23:44:01","date_gmt":"2023-04-20T11:24:54","guid":{"rendered":"https:\/\/www.io-te.dk\/vare\/suruga-tedzumi-sencha-pesticide-and-artificial-fertiliser-free-2022\/"},"modified":"2023-04-24T09:15:37","modified_gmt":"2023-04-24T07:15:37","slug":"suruga-tedzumi-sencha-2022","status":"publish","type":"product","link":"https:\/\/www.io-te.dk\/en\/vare\/suruga-tedzumi-sencha-2022\/","title":{"rendered":"Suruga Tedzumi Sencha | Pesticide and artificial fertiliser free | 2022"},"content":{"rendered":"<h4 style=\"text-align: left;\">Description | <span lang=\"ja\">\u8a73\u7d30<\/span><\/h4>\n<p><em>Suruga Y\u016bki N\u014dj\u014d Ky\u014dd\u014d Kumiai<\/em> <span lang=\"ja\">\u3059\u308b\u304c\u6709\u6a5f\u8fb2\u5834\u5171\u540c\u7d44\u5408<\/span> (Suruga Organic Farming Cooperative) is a cooperative of three tea producers \u2013 Sait\u014d-san, Iwasaki-san and Nishiyama-san \u2013 who cultivate and produce tea in the neighboring regions of Honyama and Shimizu, both traditional Shizuoka terroirs. Sait\u014d-san, Iwasaki-san and Nishiyama-san create both their own and collective productions with tea leaves harvested from each other&#8217;s tea gardens, and they share the same great commitment to pesticide- and artificial fertiliser free farming methods (all tea gardens of all three tea producers have been cultivated without any use of agrochemicals for several decades, certified under the Japanese organic standard JAS).<\/p>\n<p>Their Suruga Tedzumi Sencha is harvested in early spring with an equal distribution of tea leaves (50\/50) from Sait\u014d-san&#8217;s Sait\u014d Chaen in Honyama and Iwasaki-san&#8217;s Jishabatake in Shimizu. The harvest is carried out exclusively by hand-picking <em>(tedzumi)<\/em> \u2013 in this case as one bud, two leaves.<\/p>\n<p>Today, almost all modern Japanese tea is harvested using machines, and Suruga Tedzumi Sencha offers as such a rare chance to experience the uncompromising craftsmanship of hand-picked Japanese green tea. The young spring buds and leaves are picked from approximately 25-year-old Yabukita tea trees and finished with an elegant <i>hi-ire<\/i> post-firing in orthodox Shizuoka style. The final <em>hi-ire<\/em> adds a subtle but characteristically warm note to the tea leaves, highlighting their inherently deep spectrum of fragrances that calls to mind<span class=\"Apple-converted-space\"> pistachio, fresh wild herbs, and grilled white fish. <\/span>There is no explosion of umami here, but instead a highly delicate balance between natural sweetness and a refreshingly clean sense of astringency, which almost vibrates in the mouth as a fine aftertaste long after the last sip.<\/p>\n<hr>\n<h4 style=\"text-align: left;\">Tea trees | <span lang=\"ja\">\u8336\u6a39<\/span><\/h4>\n<p><strong>Cultivar:<\/strong> Yabukita<\/p>\n<p><strong>Age:<\/strong> 25 years<\/p>\n<p><strong>Elevation:<\/strong> 350 masl<\/p>\n<p><strong>Shade:<\/strong> none<\/p>\n<p><strong>Fertilisation:<\/strong> own mixture of organic fertiliser (no synthetic fertilisers)<\/p>\n<p><strong>Cultivation method: <\/strong>pesticide and artificial fertiliser free<\/p>\n<p><strong>Harvest:<\/strong> April 25th 2022 (Sait\u014d Chaen) + May 2nd 2022 (Jishabatake&#8217;en)<\/p>\n<h4 style=\"text-align: left;\">Production method | <span lang=\"ja\">\u88fd\u8336\u65b9\u6cd5<\/span><\/h4>\n<p><strong>Steaming:<\/strong> medium <em>(futs\u016bmushi) ,<\/em> approx. 30 seconds)<\/p>\n<p><strong><em>Hi-ire:<\/em><\/strong> medium (<em>ch\u016bbi, <\/em>approx. 18 minutter \/ 100\u00b0C) on May 3rd 2022<\/p>\n<h4 style=\"text-align: left;\">Producer | <span lang=\"ja\">\u751f\u7523\u8005<\/span><\/h4>\n<p style=\"text-align: left;\">Sait\u014d Chaen under the leadership of Mr. Sait\u014d and Jishabatake&#8217;en under the leadership of Mr. Iwasaki<\/p>\n<h4 style=\"text-align: left;\">Origin | <span lang=\"ja\">\u7523\u5730<\/span><\/h4>\n<p>Honyama and Shimizu in Shizuoka prefecture, Japan<\/p>\n","protected":false},"excerpt":{"rendered":"<h4><span lang=\"ja\">\u3059\u308b\u304c \u624b\u6458\u307f\u714e\u8336<\/span><\/h4>\n<h5>Hand-picked <em>(tedzumi)<\/em> Yabukita sencha in traditional Shizuoka style.<\/h5>\n<h5>Harvested in early spring 2022 by Mr. Sait\u014d and Mr. Iwasaki as part of <em>Suruga Y\u016bki N\u014dj\u014d Ky\u014dd\u014d Kumiai<\/em> (Suruga Organic Farming Cooperative).<\/h5>\n<p><img decoding=\"async\" class=\"alignnone size-full wp-image-8003\" src=\"https:\/\/www.io-te.dk\/wp-content\/uploads\/2023\/04\/JAS-mark.png\" alt=\"\" width=\"80px\" height=\"41px\"><\/p>\n","protected":false},"featured_media":14004,"comment_status":"open","ping_status":"closed","template":"","meta":[],"product_brand":[],"product_cat":[191,105,240],"product_tag":[129],"class_list":{"0":"post-14118","1":"product","2":"type-product","3":"status-publish","4":"has-post-thumbnail","6":"product_cat-tea","7":"product_cat-sencha-tea","8":"product_cat-suruga-yuki-shizuoka","9":"product_tag-sencha-en","11":"first","12":"outofstock","13":"taxable","14":"shipping-taxable","15":"purchasable","16":"product-type-variable","17":"has-default-attributes"},"jetpack_sharing_enabled":true,"_links":{"self":[{"href":"https:\/\/www.io-te.dk\/en\/wp-json\/wp\/v2\/product\/14118","targetHints":{"allow":["GET"]}}],"collection":[{"href":"https:\/\/www.io-te.dk\/en\/wp-json\/wp\/v2\/product"}],"about":[{"href":"https:\/\/www.io-te.dk\/en\/wp-json\/wp\/v2\/types\/product"}],"replies":[{"embeddable":true,"href":"https:\/\/www.io-te.dk\/en\/wp-json\/wp\/v2\/comments?post=14118"}],"wp:featuredmedia":[{"embeddable":true,"href":"https:\/\/www.io-te.dk\/en\/wp-json\/wp\/v2\/media\/14004"}],"wp:attachment":[{"href":"https:\/\/www.io-te.dk\/en\/wp-json\/wp\/v2\/media?parent=14118"}],"wp:term":[{"taxonomy":"product_brand","embeddable":true,"href":"https:\/\/www.io-te.dk\/en\/wp-json\/wp\/v2\/product_brand?post=14118"},{"taxonomy":"product_cat","embeddable":true,"href":"https:\/\/www.io-te.dk\/en\/wp-json\/wp\/v2\/product_cat?post=14118"},{"taxonomy":"product_tag","embeddable":true,"href":"https:\/\/www.io-te.dk\/en\/wp-json\/wp\/v2\/product_tag?post=14118"}],"curies":[{"name":"wp","href":"https:\/\/api.w.org\/{rel}","templated":true}]}}