{"id":10981,"date":"2020-12-09T15:46:04","date_gmt":"2021-07-01T13:28:54","guid":{"rendered":"https:\/\/www.io-te.dk\/vare\/kotodo-matcha-sifter\/"},"modified":"2024-08-21T16:02:10","modified_gmt":"2024-08-21T14:02:10","slug":"kotodo-matcha-sifter","status":"publish","type":"product","link":"https:\/\/www.io-te.dk\/en\/vare\/kotodo-matcha-sifter\/","title":{"rendered":"K\u014dt\u014dd\u014d Matcha sifter"},"content":{"rendered":"<h4 style=\"text-align: left;\">Description | \u8a73\u7d30<\/h4>\n<p>K\u014dt\u014dd\u014d <span lang=\"ja\">\u6c5f\u6771\u5802<\/span> is a family-run Tokyo-based company with its production facility placed in Chiba prefecture, which has been producing high-quality tea equipment for four generations.<\/p>\n<p>Their Matcha sifter is used to sift and possibly store Matcha tea briefly before whisking. The removable fine-mesh sieve makes it easy to sift your Matcha into fine and uniform particles, allowing the Matcha powder to better dissolve during whisking for a smoother bowl of tea.<\/p>\n<hr>\n<h4 style=\"text-align: left;\">Producer | <span lang=\"ja\">\u751f\u7523\u8005<\/span><\/h4>\n<p style=\"text-align: left;\">K\u014dt\u014dd\u014d \u6c5f\u6771\u5802<\/p>\n<h4 style=\"text-align: left;\">Origin | <span lang=\"ja\">\u7523\u5730<\/span><\/h4>\n<p>Chiba, Japan<\/p>\n<h4 style=\"text-align: left;\">Measures | <span lang=\"ja\">\u5bf8\u6cd5<\/span><\/h4>\n<p>Dimensions: 77 x 82 mm<\/p>\n<p>Weight: 95 gram<\/p>\n","protected":false},"excerpt":{"rendered":"<h4><span lang=\"ja\">\u6c5f\u6771\u5802 \u62b9\u8336\u7be9<\/span><\/h4>\n<h5>Traditional fine-mesh Matcha sifter <em>(matcha furui)<\/em> produced by K\u014dt\u014dd\u014d in Chiba, Japan.<\/h5>\n","protected":false},"featured_media":10229,"comment_status":"open","ping_status":"closed","template":"","meta":[],"product_brand":[],"product_cat":[104,109],"product_tag":[130],"class_list":{"0":"post-10981","1":"product","2":"type-product","3":"status-publish","4":"has-post-thumbnail","6":"product_cat-matcha-equipment","7":"product_cat-tea-utensils","8":"product_tag-matcha-en","10":"first","11":"outofstock","12":"taxable","13":"shipping-taxable","14":"purchasable","15":"product-type-simple"},"jetpack_sharing_enabled":true,"_links":{"self":[{"href":"https:\/\/www.io-te.dk\/en\/wp-json\/wp\/v2\/product\/10981","targetHints":{"allow":["GET"]}}],"collection":[{"href":"https:\/\/www.io-te.dk\/en\/wp-json\/wp\/v2\/product"}],"about":[{"href":"https:\/\/www.io-te.dk\/en\/wp-json\/wp\/v2\/types\/product"}],"replies":[{"embeddable":true,"href":"https:\/\/www.io-te.dk\/en\/wp-json\/wp\/v2\/comments?post=10981"}],"wp:featuredmedia":[{"embeddable":true,"href":"https:\/\/www.io-te.dk\/en\/wp-json\/wp\/v2\/media\/10229"}],"wp:attachment":[{"href":"https:\/\/www.io-te.dk\/en\/wp-json\/wp\/v2\/media?parent=10981"}],"wp:term":[{"taxonomy":"product_brand","embeddable":true,"href":"https:\/\/www.io-te.dk\/en\/wp-json\/wp\/v2\/product_brand?post=10981"},{"taxonomy":"product_cat","embeddable":true,"href":"https:\/\/www.io-te.dk\/en\/wp-json\/wp\/v2\/product_cat?post=10981"},{"taxonomy":"product_tag","embeddable":true,"href":"https:\/\/www.io-te.dk\/en\/wp-json\/wp\/v2\/product_tag?post=10981"}],"curies":[{"name":"wp","href":"https:\/\/api.w.org\/{rel}","templated":true}]}}